{"id":1904,"date":"2025-05-07T15:33:39","date_gmt":"2025-05-07T15:33:39","guid":{"rendered":"https:\/\/autoecoles.ma\/?page_id=1904"},"modified":"2025-05-20T09:58:52","modified_gmt":"2025-05-20T09:58:52","slug":"qui-sommes-nous","status":"publish","type":"page","link":"https:\/\/autoecoles.ma\/es\/qui-sommes-nous\/","title":{"rendered":"Qui sommes nous ?"},"content":{"rendered":"<div data-elementor-type=\"wp-page\" data-elementor-id=\"1904\" class=\"elementor elementor-1904\" data-elementor-settings=\"{&quot;ha_cmc_init_switcher&quot;:&quot;no&quot;}\" data-elementor-post-type=\"page\">\n\t\t\t\t<div class=\"elementor-element elementor-element-130d88f e-flex e-con-boxed e-con e-parent\" data-id=\"130d88f\" data-element_type=\"container\" data-e-type=\"container\" data-settings=\"{&quot;background_background&quot;:&quot;classic&quot;,&quot;_ha_eqh_enable&quot;:false}\">\n\t\t\t\t\t<div class=\"e-con-inner\">\n\t\t\t\t<div class=\"elementor-element elementor-element-13ad756 elementor-widget elementor-widget-heading\" data-id=\"13ad756\" data-element_type=\"widget\" data-e-type=\"widget\" data-widget_type=\"heading.default\">\n\t\t\t\t<div class=\"elementor-widget-container\">\n\t\t\t\t\t<h2 class=\"elementor-heading-title elementor-size-default\">Qui sommes nous <\/h2>\t\t\t\t<\/div>\n\t\t\t\t<\/div>\n\t\t\t\t<div class=\"elementor-element elementor-element-5664564 elementor-widget elementor-widget-heading\" data-id=\"5664564\" data-element_type=\"widget\" data-e-type=\"widget\" data-widget_type=\"heading.default\">\n\t\t\t\t<div class=\"elementor-widget-container\">\n\t\t\t\t\t<h2 class=\"elementor-heading-title elementor-size-default\"> \u00c0 propos de AutoEcoles.ma\n<\/h2>\t\t\t\t<\/div>\n\t\t\t\t<\/div>\n\t\t\t\t<div class=\"elementor-element elementor-element-64c8740 elementor-widget-laptop__width-initial elementor-widget elementor-widget-text-editor\" data-id=\"64c8740\" data-element_type=\"widget\" data-e-type=\"widget\" data-widget_type=\"text-editor.default\">\n\t\t\t\t<div class=\"elementor-widget-container\">\n\t\t\t\t\t\t\t\t\t<p class=\"\" style=\"text-align: center;\" data-start=\"204\" data-end=\"345\"><strong data-start=\"204\" data-end=\"221\">AutoEcoles.ma<\/strong> est une plateforme en ligne d\u00e9di\u00e9e \u00e0 la recherche, \u00e0 la comparaison et \u00e0 la mise en relation avec les auto-\u00e9coles au Maroc.<\/p><p class=\"\" style=\"text-align: center;\" data-start=\"347\" data-end=\"624\">Notre mission est de <strong data-start=\"368\" data-end=\"430\">faciliter l\u2019acc\u00e8s \u00e0 une formation de qualit\u00e9 \u00e0 la conduite<\/strong> en permettant aux futurs conducteurs de trouver rapidement une auto-\u00e9cole adapt\u00e9e \u00e0 leurs besoins, \u00e0 proximit\u00e9 et avec toutes les informations n\u00e9cessaires (coordonn\u00e9es, services, tarifs, etc.).<\/p>\t\t\t\t\t\t\t\t<\/div>\n\t\t\t\t<\/div>\n\t\t<div class=\"elementor-element elementor-element-d6def09 e-con-full e-flex e-con e-child\" data-id=\"d6def09\" data-element_type=\"container\" data-e-type=\"container\" data-settings=\"{&quot;background_background&quot;:&quot;classic&quot;,&quot;_ha_eqh_enable&quot;:false}\">\n\t\t<div class=\"elementor-element elementor-element-f2f6d82 e-grid e-con-full e-transform e-con e-child\" data-id=\"f2f6d82\" data-element_type=\"container\" data-e-type=\"container\" data-settings=\"{&quot;background_background&quot;:&quot;classic&quot;,&quot;_transform_translateY_effect&quot;:{&quot;unit&quot;:&quot;px&quot;,&quot;size&quot;:-122,&quot;sizes&quot;:[]},&quot;_ha_eqh_enable&quot;:false,&quot;_transform_translateX_effect&quot;:{&quot;unit&quot;:&quot;px&quot;,&quot;size&quot;:&quot;&quot;,&quot;sizes&quot;:[]},&quot;_transform_translateX_effect_laptop&quot;:{&quot;unit&quot;:&quot;px&quot;,&quot;size&quot;:&quot;&quot;,&quot;sizes&quot;:[]},&quot;_transform_translateX_effect_tablet&quot;:{&quot;unit&quot;:&quot;px&quot;,&quot;size&quot;:&quot;&quot;,&quot;sizes&quot;:[]},&quot;_transform_translateX_effect_mobile&quot;:{&quot;unit&quot;:&quot;px&quot;,&quot;size&quot;:&quot;&quot;,&quot;sizes&quot;:[]},&quot;_transform_translateY_effect_laptop&quot;:{&quot;unit&quot;:&quot;px&quot;,&quot;size&quot;:&quot;&quot;,&quot;sizes&quot;:[]},&quot;_transform_translateY_effect_tablet&quot;:{&quot;unit&quot;:&quot;px&quot;,&quot;size&quot;:&quot;&quot;,&quot;sizes&quot;:[]},&quot;_transform_translateY_effect_mobile&quot;:{&quot;unit&quot;:&quot;px&quot;,&quot;size&quot;:&quot;&quot;,&quot;sizes&quot;:[]}}\">\n\t\t\t\t<div class=\"elementor-element elementor-element-914d7b5 elementor-widget-laptop__width-initial elementor-view-default elementor-position-block-start elementor-mobile-position-block-start elementor-widget elementor-widget-icon-box\" data-id=\"914d7b5\" data-element_type=\"widget\" data-e-type=\"widget\" data-widget_type=\"icon-box.default\">\n\t\t\t\t<div class=\"elementor-widget-container\">\n\t\t\t\t\t\t\t<div class=\"elementor-icon-box-wrapper\">\n\n\t\t\t\t\t\t<div class=\"elementor-icon-box-icon\">\n\t\t\t\t<span  class=\"elementor-icon\">\n\t\t\t\t<i aria-hidden=\"true\" class=\"huge huge-search-02\"><\/i>\t\t\t\t<\/span>\n\t\t\t<\/div>\n\t\t\t\n\t\t\t\t\t\t<div class=\"elementor-icon-box-content\">\n\n\t\t\t\t\t\t\t\t\t<h3 class=\"elementor-icon-box-title\">\n\t\t\t\t\t\t<span  >\n\t\t\t\t\t\t\tRecherche Rapide\t\t\t\t\t\t<\/span>\n\t\t\t\t\t<\/h3>\n\t\t\t\t\n\t\t\t\t\n\t\t\t<\/div>\n\t\t\t\n\t\t<\/div>\n\t\t\t\t\t\t<\/div>\n\t\t\t\t<\/div>\n\t\t\t\t<div class=\"elementor-element elementor-element-3b3ab02 elementor-widget-laptop__width-initial elementor-view-default elementor-position-block-start elementor-mobile-position-block-start elementor-widget elementor-widget-icon-box\" data-id=\"3b3ab02\" data-element_type=\"widget\" data-e-type=\"widget\" data-widget_type=\"icon-box.default\">\n\t\t\t\t<div class=\"elementor-widget-container\">\n\t\t\t\t\t\t\t<div class=\"elementor-icon-box-wrapper\">\n\n\t\t\t\t\t\t<div class=\"elementor-icon-box-icon\">\n\t\t\t\t<span  class=\"elementor-icon\">\n\t\t\t\t<i aria-hidden=\"true\" class=\"hm hm-tb-page-title\"><\/i>\t\t\t\t<\/span>\n\t\t\t<\/div>\n\t\t\t\n\t\t\t\t\t\t<div class=\"elementor-icon-box-content\">\n\n\t\t\t\t\t\t\t\t\t<h3 class=\"elementor-icon-box-title\">\n\t\t\t\t\t\t<span  >\n\t\t\t\t\t\t\tFiches d\u2019auto-\u00e9coles d\u00e9taill\u00e9es\t\t\t\t\t\t<\/span>\n\t\t\t\t\t<\/h3>\n\t\t\t\t\n\t\t\t\t\n\t\t\t<\/div>\n\t\t\t\n\t\t<\/div>\n\t\t\t\t\t\t<\/div>\n\t\t\t\t<\/div>\n\t\t\t\t<div class=\"elementor-element elementor-element-718b360 elementor-widget-laptop__width-initial elementor-view-default elementor-position-block-start elementor-mobile-position-block-start elementor-widget elementor-widget-icon-box\" data-id=\"718b360\" data-element_type=\"widget\" data-e-type=\"widget\" data-widget_type=\"icon-box.default\">\n\t\t\t\t<div class=\"elementor-widget-container\">\n\t\t\t\t\t\t\t<div class=\"elementor-icon-box-wrapper\">\n\n\t\t\t\t\t\t<div class=\"elementor-icon-box-icon\">\n\t\t\t\t<span  class=\"elementor-icon\">\n\t\t\t\t<i aria-hidden=\"true\" class=\"xi xi-phone\"><\/i>\t\t\t\t<\/span>\n\t\t\t<\/div>\n\t\t\t\n\t\t\t\t\t\t<div class=\"elementor-icon-box-content\">\n\n\t\t\t\t\t\t\t\t\t<h3 class=\"elementor-icon-box-title\">\n\t\t\t\t\t\t<span  >\n\t\t\t\t\t\t\tContact Direct<br> Simplifi\u00e9\t\t\t\t\t\t<\/span>\n\t\t\t\t\t<\/h3>\n\t\t\t\t\n\t\t\t\t\n\t\t\t<\/div>\n\t\t\t\n\t\t<\/div>\n\t\t\t\t\t\t<\/div>\n\t\t\t\t<\/div>\n\t\t\t\t<div class=\"elementor-element elementor-element-b28183d elementor-widget-laptop__width-initial elementor-view-default elementor-position-block-start elementor-mobile-position-block-start elementor-widget elementor-widget-icon-box\" data-id=\"b28183d\" data-element_type=\"widget\" data-e-type=\"widget\" data-widget_type=\"icon-box.default\">\n\t\t\t\t<div class=\"elementor-widget-container\">\n\t\t\t\t\t\t\t<div class=\"elementor-icon-box-wrapper\">\n\n\t\t\t\t\t\t<div class=\"elementor-icon-box-icon\">\n\t\t\t\t<span  class=\"elementor-icon\">\n\t\t\t\t<i aria-hidden=\"true\" class=\"huge huge-promotion\"><\/i>\t\t\t\t<\/span>\n\t\t\t<\/div>\n\t\t\t\n\t\t\t\t\t\t<div class=\"elementor-icon-box-content\">\n\n\t\t\t\t\t\t\t\t\t<h3 class=\"elementor-icon-box-title\">\n\t\t\t\t\t\t<span  >\n\t\t\t\t\t\t\t Mise en avant<br> d\u2019auto-\u00e9coles\t\t\t\t\t\t<\/span>\n\t\t\t\t\t<\/h3>\n\t\t\t\t\n\t\t\t\t\n\t\t\t<\/div>\n\t\t\t\n\t\t<\/div>\n\t\t\t\t\t\t<\/div>\n\t\t\t\t<\/div>\n\t\t\t\t<\/div>\n\t\t<div class=\"elementor-element elementor-element-a5da543 e-grid e-con-full e-con e-child\" data-id=\"a5da543\" data-element_type=\"container\" data-e-type=\"container\" data-settings=\"{&quot;background_background&quot;:&quot;classic&quot;,&quot;_ha_eqh_enable&quot;:false}\">\n\t\t<div class=\"elementor-element elementor-element-ec146c9 e-con-full e-flex e-con e-child\" data-id=\"ec146c9\" data-element_type=\"container\" data-e-type=\"container\" data-settings=\"{&quot;_ha_eqh_enable&quot;:false}\">\n\t\t\t\t<div class=\"elementor-element elementor-element-6e9c1f7 elementor-position-left elementor-vertical-align-middle elementor-widget elementor-widget-image-box\" data-id=\"6e9c1f7\" data-element_type=\"widget\" data-e-type=\"widget\" data-widget_type=\"image-box.default\">\n\t\t\t\t<div class=\"elementor-widget-container\">\n\t\t\t\t\t<div class=\"elementor-image-box-wrapper\"><figure class=\"elementor-image-box-img\"><img decoding=\"async\" src=\"https:\/\/listings.ma\/wp-content\/uploads\/2025\/05\/objective.png\" title=\"\" alt=\"\" loading=\"lazy\" \/><\/figure><div class=\"elementor-image-box-content\"><h3 class=\"elementor-image-box-title\">Notre objectif<\/h3><\/div><\/div>\t\t\t\t<\/div>\n\t\t\t\t<\/div>\n\t\t\t\t<div class=\"elementor-element elementor-element-4b6f053 elementor-widget-laptop__width-initial elementor-widget elementor-widget-text-editor\" data-id=\"4b6f053\" data-element_type=\"widget\" data-e-type=\"widget\" data-widget_type=\"text-editor.default\">\n\t\t\t\t<div class=\"elementor-widget-container\">\n\t\t\t\t\t\t\t\t\t<ul><li>Offrir une base de donn\u00e9es claire et mise \u00e0 jour des auto-\u00e9coles marocaines<\/li><li>Simplifier la prise de contact gr\u00e2ce \u00e0 des formulaires et boutons d\u2019appel<\/li><li>Mettre en avant les \u00e9coles via des fiches compl\u00e8tes et transparentes<\/li><\/ul>\t\t\t\t\t\t\t\t<\/div>\n\t\t\t\t<\/div>\n\t\t\t\t<\/div>\n\t\t<div class=\"elementor-element elementor-element-20104c1 e-con-full e-flex e-con e-child\" data-id=\"20104c1\" data-element_type=\"container\" data-e-type=\"container\" data-settings=\"{&quot;_ha_eqh_enable&quot;:false}\">\n\t\t\t\t<div class=\"elementor-element elementor-element-746b8fc e-transform e-transform e-transform elementor-widget-divider--view-line elementor-widget elementor-widget-divider\" data-id=\"746b8fc\" data-element_type=\"widget\" data-e-type=\"widget\" data-settings=\"{&quot;_transform_rotateZ_effect&quot;:{&quot;unit&quot;:&quot;px&quot;,&quot;size&quot;:89,&quot;sizes&quot;:[]},&quot;_transform_rotateZ_effect_mobile&quot;:{&quot;unit&quot;:&quot;deg&quot;,&quot;size&quot;:0,&quot;sizes&quot;:[]},&quot;_transform_rotateZ_effect_laptop&quot;:{&quot;unit&quot;:&quot;deg&quot;,&quot;size&quot;:&quot;&quot;,&quot;sizes&quot;:[]},&quot;_transform_rotateZ_effect_tablet&quot;:{&quot;unit&quot;:&quot;deg&quot;,&quot;size&quot;:&quot;&quot;,&quot;sizes&quot;:[]},&quot;_transform_translateX_effect&quot;:{&quot;unit&quot;:&quot;px&quot;,&quot;size&quot;:&quot;&quot;,&quot;sizes&quot;:[]},&quot;_transform_translateX_effect_laptop&quot;:{&quot;unit&quot;:&quot;px&quot;,&quot;size&quot;:&quot;&quot;,&quot;sizes&quot;:[]},&quot;_transform_translateX_effect_tablet&quot;:{&quot;unit&quot;:&quot;px&quot;,&quot;size&quot;:&quot;&quot;,&quot;sizes&quot;:[]},&quot;_transform_translateX_effect_mobile&quot;:{&quot;unit&quot;:&quot;px&quot;,&quot;size&quot;:&quot;&quot;,&quot;sizes&quot;:[]},&quot;_transform_translateY_effect&quot;:{&quot;unit&quot;:&quot;px&quot;,&quot;size&quot;:&quot;&quot;,&quot;sizes&quot;:[]},&quot;_transform_translateY_effect_laptop&quot;:{&quot;unit&quot;:&quot;px&quot;,&quot;size&quot;:&quot;&quot;,&quot;sizes&quot;:[]},&quot;_transform_translateY_effect_tablet&quot;:{&quot;unit&quot;:&quot;px&quot;,&quot;size&quot;:&quot;&quot;,&quot;sizes&quot;:[]},&quot;_transform_translateY_effect_mobile&quot;:{&quot;unit&quot;:&quot;px&quot;,&quot;size&quot;:&quot;&quot;,&quot;sizes&quot;:[]},&quot;_transform_scale_effect&quot;:{&quot;unit&quot;:&quot;px&quot;,&quot;size&quot;:&quot;&quot;,&quot;sizes&quot;:[]},&quot;_transform_scale_effect_laptop&quot;:{&quot;unit&quot;:&quot;px&quot;,&quot;size&quot;:&quot;&quot;,&quot;sizes&quot;:[]},&quot;_transform_scale_effect_tablet&quot;:{&quot;unit&quot;:&quot;px&quot;,&quot;size&quot;:&quot;&quot;,&quot;sizes&quot;:[]},&quot;_transform_scale_effect_mobile&quot;:{&quot;unit&quot;:&quot;px&quot;,&quot;size&quot;:&quot;&quot;,&quot;sizes&quot;:[]}}\" data-widget_type=\"divider.default\">\n\t\t\t\t<div class=\"elementor-widget-container\">\n\t\t\t\t\t\t\t<div class=\"elementor-divider\">\n\t\t\t<span class=\"elementor-divider-separator\">\n\t\t\t\t\t\t<\/span>\n\t\t<\/div>\n\t\t\t\t\t\t<\/div>\n\t\t\t\t<\/div>\n\t\t\t\t<\/div>\n\t\t<div class=\"elementor-element elementor-element-e76d2ec e-con-full e-flex e-con e-child\" data-id=\"e76d2ec\" data-element_type=\"container\" data-e-type=\"container\" data-settings=\"{&quot;_ha_eqh_enable&quot;:false}\">\n\t\t\t\t<div class=\"elementor-element elementor-element-18f8443 elementor-position-left elementor-vertical-align-middle elementor-widget elementor-widget-image-box\" data-id=\"18f8443\" data-element_type=\"widget\" data-e-type=\"widget\" data-widget_type=\"image-box.default\">\n\t\t\t\t<div class=\"elementor-widget-container\">\n\t\t\t\t\t<div class=\"elementor-image-box-wrapper\"><figure class=\"elementor-image-box-img\"><img decoding=\"async\" width=\"144\" height=\"125\" src=\"https:\/\/autoecoles.ma\/wp-content\/uploads\/2025\/05\/image-Photoroom-2-1-3.png\" class=\"attachment-full size-full wp-image-1921\" alt=\"\" srcset=\"https:\/\/autoecoles.ma\/wp-content\/uploads\/2025\/05\/image-Photoroom-2-1-3.png 144w, https:\/\/autoecoles.ma\/wp-content\/uploads\/2025\/05\/image-Photoroom-2-1-3-14x12.png 14w\" sizes=\"(max-width: 144px) 100vw, 144px\" \/><\/figure><div class=\"elementor-image-box-content\"><h3 class=\"elementor-image-box-title\">Autoecoles.ma ?<\/h3><\/div><\/div>\t\t\t\t<\/div>\n\t\t\t\t<\/div>\n\t\t\t\t<div class=\"elementor-element elementor-element-b5a295a elementor-widget elementor-widget-text-editor\" data-id=\"b5a295a\" data-element_type=\"widget\" data-e-type=\"widget\" data-widget_type=\"text-editor.default\">\n\t\t\t\t<div class=\"elementor-widget-container\">\n\t\t\t\t\t\t\t\t\t<p>\u00a0AutoEcoles.ma est un projet ind\u00e9pendant, enti\u00e8rement con\u00e7u pour aider les utilisateurs \u00e0 prendre de bonnes d\u00e9cisions en mati\u00e8re d\u2019apprentissage de la conduite.<\/p>\t\t\t\t\t\t\t\t<\/div>\n\t\t\t\t<\/div>\n\t\t\t\t<\/div>\n\t\t\t\t<\/div>\n\t\t<div class=\"elementor-element elementor-element-f0d9125 e-con-full e-flex e-con e-child\" data-id=\"f0d9125\" data-element_type=\"container\" data-e-type=\"container\" data-settings=\"{&quot;background_background&quot;:&quot;classic&quot;,&quot;_ha_eqh_enable&quot;:false}\">\n\t\t\t\t<div class=\"elementor-element elementor-element-2fb80eb elementor-widget elementor-widget-heading\" data-id=\"2fb80eb\" data-element_type=\"widget\" data-e-type=\"widget\" data-widget_type=\"heading.default\">\n\t\t\t\t<div class=\"elementor-widget-container\">\n\t\t\t\t\t<h2 class=\"elementor-heading-title elementor-size-default\">Nous contacter<\/h2>\t\t\t\t<\/div>\n\t\t\t\t<\/div>\n\t\t\t\t<div class=\"elementor-element elementor-element-01951f8 elementor-widget elementor-widget-text-editor\" data-id=\"01951f8\" data-element_type=\"widget\" data-e-type=\"widget\" data-widget_type=\"text-editor.default\">\n\t\t\t\t<div class=\"elementor-widget-container\">\n\t\t\t\t\t\t\t\t\t<p style=\"text-align: center;\">Pour toute question, suggestion ou collaboration, vous pouvez nous \u00e9crire via notre <a class=\"cursor-pointer\" target=\"_new\" rel=\"noopener\" data-start=\"1283\" data-end=\"1331\">page de contact<\/a> ou par e-mail : <strong data-start=\"1348\" data-end=\"1373\"><a class=\"cursor-pointer\" href=\"mailto:contact@autoecoles.ma\" rel=\"noopener\" data-start=\"1350\" data-end=\"1371\">contact@autoecoles.ma<\/a><\/strong><\/p>\t\t\t\t\t\t\t\t<\/div>\n\t\t\t\t<\/div>\n\t\t\t\t<div class=\"elementor-element elementor-element-5fec2d7 elementor-widget elementor-widget-ha-creative-button happy-addon ha-creative-button\" data-id=\"5fec2d7\" data-element_type=\"widget\" data-e-type=\"widget\" data-widget_type=\"ha-creative-button.default\">\n\t\t\t\t<div class=\"elementor-widget-container\">\n\t\t\t\t\t\t\t<div data-magnetic=\"no\" class=\"ha-creative-btn-wrap\">\n\t\t\t<a class=\"ha-creative-btn ha-stl--hermosa ha-eft--exploit\" href=\"https:\/\/autoecoles.ma\/es\/contact\/\" rel=\"nofollow\"><span>Countactez-Nous<\/span><\/a>\n\t\t<\/div>\t\t\t\t<\/div>\n\t\t\t\t<\/div>\n\t\t\t\t<\/div>\n\t\t\t\t<\/div>\n\t\t\t\t\t<\/div>\n\t\t\t\t<\/div>\n\t\t\t\t<\/div>","protected":false},"excerpt":{"rendered":"<p>Qui sommes nous \u00c0 propos de AutoEcoles.ma AutoEcoles.ma est une plateforme en ligne d\u00e9di\u00e9e \u00e0 la recherche, \u00e0 la comparaison et \u00e0 la mise en relation avec les auto-\u00e9coles au Maroc. Notre mission est de faciliter l\u2019acc\u00e8s \u00e0 une formation de qualit\u00e9 \u00e0 la conduite en permettant aux futurs conducteurs de trouver rapidement une auto-\u00e9cole [&hellip;]<\/p>","protected":false},"author":1,"featured_media":0,"parent":0,"menu_order":0,"comment_status":"closed","ping_status":"closed","template":"","meta":{"footnotes":""},"class_list":["post-1904","page","type-page","status-publish","hentry"],"yoast_head":"<!-- This site is optimized with the Yoast SEO Premium plugin v24.0 (Yoast SEO v27.4) - https:\/\/yoast.com\/product\/yoast-seo-premium-wordpress\/ -->\n<title>Qui sommes nous ? - auto-ecoles<\/title>\n<meta name=\"robots\" content=\"index, follow, max-snippet:-1, max-image-preview:large, max-video-preview:-1\" \/>\n<link rel=\"canonical\" href=\"https:\/\/autoecoles.ma\/es\/qui-sommes-nous\/\" \/>\n<meta property=\"og:locale\" content=\"es_ES\" \/>\n<meta property=\"og:type\" content=\"article\" \/>\n<meta property=\"og:title\" content=\"Qui sommes nous ?\" \/>\n<meta property=\"og:description\" content=\"Qui sommes nous \u00c0 propos de AutoEcoles.ma AutoEcoles.ma est une plateforme en ligne d\u00e9di\u00e9e \u00e0 la recherche, \u00e0 la comparaison et \u00e0 la mise en relation avec les auto-\u00e9coles au Maroc. Notre mission est de faciliter l\u2019acc\u00e8s \u00e0 une formation de qualit\u00e9 \u00e0 la conduite en permettant aux futurs conducteurs de trouver rapidement une auto-\u00e9cole [&hellip;]\" \/>\n<meta property=\"og:url\" content=\"https:\/\/autoecoles.ma\/es\/qui-sommes-nous\/\" \/>\n<meta property=\"og:site_name\" content=\"auto-ecoles\" \/>\n<meta property=\"article:publisher\" content=\"https:\/\/www.facebook.com\/profile.php?id=61576728367902\" \/>\n<meta property=\"article:modified_time\" content=\"2025-05-20T09:58:52+00:00\" \/>\n<meta property=\"og:image\" content=\"https:\/\/listings.ma\/wp-content\/uploads\/2025\/05\/objective.png\" \/>\n<meta name=\"twitter:card\" content=\"summary_large_image\" \/>\n<meta name=\"twitter:site\" content=\"@autoEcoleMa25\" \/>\n<meta name=\"twitter:label1\" content=\"Tiempo de lectura\" \/>\n\t<meta name=\"twitter:data1\" content=\"2 minutos\" \/>\n<!-- \/ Yoast SEO Premium plugin. -->","yoast_head_json":{"title":"Qui sommes nous ? - auto-ecoles","robots":{"index":"index","follow":"follow","max-snippet":"max-snippet:-1","max-image-preview":"max-image-preview:large","max-video-preview":"max-video-preview:-1"},"canonical":"https:\/\/autoecoles.ma\/es\/qui-sommes-nous\/","og_locale":"es_ES","og_type":"article","og_title":"Qui sommes nous ?","og_description":"Qui sommes nous \u00c0 propos de AutoEcoles.ma AutoEcoles.ma est une plateforme en ligne d\u00e9di\u00e9e \u00e0 la recherche, \u00e0 la comparaison et \u00e0 la mise en relation avec les auto-\u00e9coles au Maroc. Notre mission est de faciliter l\u2019acc\u00e8s \u00e0 une formation de qualit\u00e9 \u00e0 la conduite en permettant aux futurs conducteurs de trouver rapidement une auto-\u00e9cole [&hellip;]","og_url":"https:\/\/autoecoles.ma\/es\/qui-sommes-nous\/","og_site_name":"auto-ecoles","article_publisher":"https:\/\/www.facebook.com\/profile.php?id=61576728367902","article_modified_time":"2025-05-20T09:58:52+00:00","og_image":[{"url":"https:\/\/listings.ma\/wp-content\/uploads\/2025\/05\/objective.png","type":"","width":"","height":""}],"twitter_card":"summary_large_image","twitter_site":"@autoEcoleMa25","twitter_misc":{"Tiempo de lectura":"2 minutos"},"schema":{"@context":"https:\/\/schema.org","@graph":[{"@type":"WebPage","@id":"https:\/\/autoecoles.ma\/ar\/qui-sommes-nous\/","url":"https:\/\/autoecoles.ma\/ar\/qui-sommes-nous\/","name":"Qui sommes nous ? - auto-ecoles","isPartOf":{"@id":"https:\/\/autoecoles.ma\/#website"},"primaryImageOfPage":{"@id":"https:\/\/autoecoles.ma\/ar\/qui-sommes-nous\/#primaryimage"},"image":{"@id":"https:\/\/autoecoles.ma\/ar\/qui-sommes-nous\/#primaryimage"},"thumbnailUrl":"https:\/\/listings.ma\/wp-content\/uploads\/2025\/05\/objective.png","datePublished":"2025-05-07T15:33:39+00:00","dateModified":"2025-05-20T09:58:52+00:00","breadcrumb":{"@id":"https:\/\/autoecoles.ma\/ar\/qui-sommes-nous\/#breadcrumb"},"inLanguage":"es","potentialAction":[{"@type":"ReadAction","target":["https:\/\/autoecoles.ma\/ar\/qui-sommes-nous\/"]}]},{"@type":"ImageObject","inLanguage":"es","@id":"https:\/\/autoecoles.ma\/ar\/qui-sommes-nous\/#primaryimage","url":"https:\/\/listings.ma\/wp-content\/uploads\/2025\/05\/objective.png","contentUrl":"https:\/\/listings.ma\/wp-content\/uploads\/2025\/05\/objective.png"},{"@type":"BreadcrumbList","@id":"https:\/\/autoecoles.ma\/ar\/qui-sommes-nous\/#breadcrumb","itemListElement":[{"@type":"ListItem","position":1,"name":"Home","item":"https:\/\/autoecoles.ma\/"},{"@type":"ListItem","position":2,"name":"Qui sommes nous ?"}]},{"@type":"WebSite","@id":"https:\/\/autoecoles.ma\/#website","url":"https:\/\/autoecoles.ma\/","name":"Autoecoles","description":"","publisher":{"@id":"https:\/\/autoecoles.ma\/#organization"},"potentialAction":[{"@type":"SearchAction","target":{"@type":"EntryPoint","urlTemplate":"https:\/\/autoecoles.ma\/?s={search_term_string}"},"query-input":{"@type":"PropertyValueSpecification","valueRequired":true,"valueName":"search_term_string"}}],"inLanguage":"es"},{"@type":"Organization","@id":"https:\/\/autoecoles.ma\/#organization","name":"J2hb","url":"https:\/\/autoecoles.ma\/","logo":{"@type":"ImageObject","inLanguage":"es","@id":"https:\/\/autoecoles.ma\/#\/schema\/logo\/image\/","url":"https:\/\/autoecoles.ma\/wp-content\/uploads\/2025\/05\/image-Photoroom-2-1-3.png","contentUrl":"https:\/\/autoecoles.ma\/wp-content\/uploads\/2025\/05\/image-Photoroom-2-1-3.png","width":144,"height":125,"caption":"J2hb"},"image":{"@id":"https:\/\/autoecoles.ma\/#\/schema\/logo\/image\/"},"sameAs":["https:\/\/www.facebook.com\/profile.php?id=61576728367902","https:\/\/x.com\/autoEcoleMa25","https:\/\/www.instagram.com\/autoecole.ma\/","https:\/\/www.linkedin.com\/in\/autoecole-ma-078b38368\/"]}]}},"acf":[],"_links":{"self":[{"href":"https:\/\/autoecoles.ma\/es\/wp-json\/wp\/v2\/pages\/1904","targetHints":{"allow":["GET"]}}],"collection":[{"href":"https:\/\/autoecoles.ma\/es\/wp-json\/wp\/v2\/pages"}],"about":[{"href":"https:\/\/autoecoles.ma\/es\/wp-json\/wp\/v2\/types\/page"}],"author":[{"embeddable":true,"href":"https:\/\/autoecoles.ma\/es\/wp-json\/wp\/v2\/users\/1"}],"replies":[{"embeddable":true,"href":"https:\/\/autoecoles.ma\/es\/wp-json\/wp\/v2\/comments?post=1904"}],"version-history":[{"count":0,"href":"https:\/\/autoecoles.ma\/es\/wp-json\/wp\/v2\/pages\/1904\/revisions"}],"wp:attachment":[{"href":"https:\/\/autoecoles.ma\/es\/wp-json\/wp\/v2\/media?parent=1904"}],"curies":[{"name":"wp","href":"https:\/\/api.w.org\/{rel}","templated":true}]}}